{"id":1069,"date":"2025-10-03T16:17:58","date_gmt":"2025-10-03T16:17:58","guid":{"rendered":"https:\/\/servercloudhost.net\/?post_type=product&#038;p=1069"},"modified":"2025-10-03T16:18:33","modified_gmt":"2025-10-03T16:18:33","slug":"servidor-dedicado-premium-elite","status":"publish","type":"product","link":"https:\/\/servercloudhost.net\/en\/product\/servidor-dedicado-premium-elite\/","title":{"rendered":"Premium Elite Dedicated Server"},"content":{"rendered":"<p data-start=\"1508\" data-end=\"1634\">M\u00e1ximo poder y seguridad con tecnolog\u00eda de \u00faltima generaci\u00f3n.<\/p>\n<ul data-start=\"1635\" data-end=\"1705\">\n<li data-start=\"1635\" data-end=\"1655\">\n<p data-start=\"1637\" data-end=\"1655\">2 TB SSD RAID 10<\/p>\n<\/li>\n<li data-start=\"1656\" data-end=\"1669\">\n<p data-start=\"1658\" data-end=\"1669\">32 GB RAM<\/p>\n<\/li>\n<li data-start=\"1670\" data-end=\"1684\">\n<p data-start=\"1672\" data-end=\"1684\">16 n\u00facleos<\/p>\n<\/li>\n<li data-start=\"1685\" data-end=\"1705\">\n<p data-start=\"1687\" data-end=\"1705\">Duraci\u00f3n: 3 a\u00f1os<\/p>\n<\/li>\n<\/ul>","protected":false},"excerpt":{"rendered":"<p data-start=\"1508\" data-end=\"1634\">M\u00e1ximo poder y seguridad con tecnolog\u00eda de \u00faltima generaci\u00f3n.<\/p>\n<ul data-start=\"1635\" data-end=\"1705\">\n<li data-start=\"1635\" data-end=\"1655\">\n<p data-start=\"1637\" data-end=\"1655\">2 TB SSD RAID 10<\/p>\n<\/li>\n<li data-start=\"1656\" data-end=\"1669\">\n<p data-start=\"1658\" data-end=\"1669\">32 GB RAM<\/p>\n<\/li>\n<li data-start=\"1670\" data-end=\"1684\">\n<p data-start=\"1672\" data-end=\"1684\">16 n\u00facleos<\/p>\n<\/li>\n<li data-start=\"1685\" data-end=\"1705\">\n<p data-start=\"1687\" data-end=\"1705\">Duraci\u00f3n: 3 a\u00f1os<\/p>\n<\/li>\n<\/ul>","protected":false},"featured_media":1071,"comment_status":"open","ping_status":"closed","template":"","meta":{"_acf_changed":false},"product_brand":[],"product_cat":[17],"product_tag":[],"class_list":{"0":"post-1069","1":"product","2":"type-product","3":"status-publish","4":"has-post-thumbnail","6":"product_cat-sin-categorizar","8":"first","9":"instock","10":"taxable","11":"shipping-taxable","12":"purchasable","13":"product-type-simple"},"acf":[],"_links":{"self":[{"href":"https:\/\/servercloudhost.net\/en\/wp-json\/wp\/v2\/product\/1069","targetHints":{"allow":["GET"]}}],"collection":[{"href":"https:\/\/servercloudhost.net\/en\/wp-json\/wp\/v2\/product"}],"about":[{"href":"https:\/\/servercloudhost.net\/en\/wp-json\/wp\/v2\/types\/product"}],"replies":[{"embeddable":true,"href":"https:\/\/servercloudhost.net\/en\/wp-json\/wp\/v2\/comments?post=1069"}],"wp:featuredmedia":[{"embeddable":true,"href":"https:\/\/servercloudhost.net\/en\/wp-json\/wp\/v2\/media\/1071"}],"wp:attachment":[{"href":"https:\/\/servercloudhost.net\/en\/wp-json\/wp\/v2\/media?parent=1069"}],"wp:term":[{"taxonomy":"product_brand","embeddable":true,"href":"https:\/\/servercloudhost.net\/en\/wp-json\/wp\/v2\/product_brand?post=1069"},{"taxonomy":"product_cat","embeddable":true,"href":"https:\/\/servercloudhost.net\/en\/wp-json\/wp\/v2\/product_cat?post=1069"},{"taxonomy":"product_tag","embeddable":true,"href":"https:\/\/servercloudhost.net\/en\/wp-json\/wp\/v2\/product_tag?post=1069"}],"curies":[{"name":"wp","href":"https:\/\/api.w.org\/{rel}","templated":true}]}}