{"id":47,"date":"2022-10-09T05:37:30","date_gmt":"2022-10-09T05:37:30","guid":{"rendered":"https:\/\/servercloudhost.net\/?page_id=47"},"modified":"2025-09-30T16:40:53","modified_gmt":"2025-09-30T16:40:53","slug":"return-and-refund-policy","status":"publish","type":"page","link":"https:\/\/servercloudhost.net\/en\/return-and-refund-policy\/","title":{"rendered":"Return and Refund Policy"},"content":{"rendered":"<div data-elementor-type=\"wp-page\" data-elementor-id=\"47\" class=\"elementor elementor-47\" data-elementor-post-type=\"page\">\n\t\t\t\t\t\t<section class=\"elementor-section elementor-top-section elementor-element elementor-element-e2d4173 elementor-section-boxed elementor-section-height-default elementor-section-height-default\" data-id=\"e2d4173\" data-element_type=\"section\" data-settings=\"{&quot;background_background&quot;:&quot;classic&quot;}\">\n\t\t\t\t\t\t<div class=\"elementor-container elementor-column-gap-default\">\n\t\t\t\t\t<div class=\"elementor-column elementor-col-100 elementor-top-column elementor-element elementor-element-de2f990\" data-id=\"de2f990\" data-element_type=\"column\">\n\t\t\t<div class=\"elementor-widget-wrap elementor-element-populated\">\n\t\t\t\t\t\t<div class=\"elementor-element elementor-element-13e9888 elementor-widget elementor-widget-heading\" data-id=\"13e9888\" data-element_type=\"widget\" data-widget_type=\"heading.default\">\n\t\t\t\t<div class=\"elementor-widget-container\">\n\t\t\t\t\t<h1 class=\"elementor-heading-title elementor-size-default\">Return and Refund Policy<\/h1>\t\t\t\t<\/div>\n\t\t\t\t<\/div>\n\t\t\t\t\t<\/div>\n\t\t<\/div>\n\t\t\t\t\t<\/div>\n\t\t<\/section>\n\t\t\t\t<section class=\"elementor-section elementor-top-section elementor-element elementor-element-dbf8170 elementor-section-boxed elementor-section-height-default elementor-section-height-default\" data-id=\"dbf8170\" data-element_type=\"section\" data-settings=\"{&quot;background_background&quot;:&quot;classic&quot;}\">\n\t\t\t\t\t\t<div class=\"elementor-container elementor-column-gap-default\">\n\t\t\t\t\t<div class=\"elementor-column elementor-col-100 elementor-top-column elementor-element elementor-element-d89fb66\" data-id=\"d89fb66\" data-element_type=\"column\">\n\t\t\t<div class=\"elementor-widget-wrap elementor-element-populated\">\n\t\t\t\t\t\t<div class=\"elementor-element elementor-element-783e2f9 elementor-widget elementor-widget-text-editor\" data-id=\"783e2f9\" data-element_type=\"widget\" data-widget_type=\"text-editor.default\">\n\t\t\t\t<div class=\"elementor-widget-container\">\n\t\t\t\t\t\t\t\t\t<p>Updated as of September 10, 2025<\/p>\n<p>RETURNS<\/p>\n<p>All sales on this site are final. Unfortunately, we cannot offer you a refund or exchange for any product purchased on this site unless the digital product received is defective. If you receive a defective product or if the order you received differs from your expected purchase, we will accept returns within 30 business days from the date your email was received with instructions on how to access your purchased digital product.<\/p>\n<p>To complete your return, we require a receipt or proof of purchase. We also require that all returns be accompanied by a written statement detailing the reasons for returning the digital product. All returns will be made to the credit card of the customer who made the purchase of the digital product, within 30 days of submission of the request.<\/p>\n<p>If you have comments or questions, please contact our customer service department at the following address and\/or email:<\/p>\n<p>Server Cloud Host<\/p>\n<p>E-mail: info@servercloudhost.net<\/p>\n<p>Address: Office No. 502, Edificio PH Mar del Sur Business Center, Urbanizaci\u00f3n El Cangrejo, District and Province of Panama.<\/p>\n<p>REFUNDS<\/p>\n<p>Once your return is received and inspected, we will send you an email to notify you that we have received your return notification. We will also notify you of the approval or rejection of your refund.<\/p>\n<p>If approved, your refund will be processed and a credit will be automatically applied to your original credit card or payment method within a certain number of days.<\/p>\n<p>SHIPPING<\/p>\n<p>Our digital products, at the time of purchase, the customer will receive an e-mail notification with access to the digital product purchased.<\/p>\t\t\t\t\t\t\t\t<\/div>\n\t\t\t\t<\/div>\n\t\t\t\t\t<\/div>\n\t\t<\/div>\n\t\t\t\t\t<\/div>\n\t\t<\/section>\n\t\t\t\t<\/div>","protected":false},"excerpt":{"rendered":"<p>Pol\u00edtica de devoluciones y reembolsos Actualizado al 10 de setiembre 2025 DEVOLUCIONES Todas las ventas en este sitio son definitivas.&nbsp;Desafortunadamente, no podemos ofrecerle un reembolso o cambio por ning\u00fan producto comprado en este sitio a menos que el producto digital recibido tenga alg\u00fan defecto.&nbsp;Si recibe un producto defectuoso o si el pedido que recibi\u00f3 difiere [&hellip;]<\/p>","protected":false},"author":1,"featured_media":0,"parent":0,"menu_order":0,"comment_status":"closed","ping_status":"closed","template":"","meta":{"_acf_changed":false,"footnotes":""},"class_list":["post-47","page","type-page","status-publish","hentry"],"acf":[],"_links":{"self":[{"href":"https:\/\/servercloudhost.net\/en\/wp-json\/wp\/v2\/pages\/47","targetHints":{"allow":["GET"]}}],"collection":[{"href":"https:\/\/servercloudhost.net\/en\/wp-json\/wp\/v2\/pages"}],"about":[{"href":"https:\/\/servercloudhost.net\/en\/wp-json\/wp\/v2\/types\/page"}],"author":[{"embeddable":true,"href":"https:\/\/servercloudhost.net\/en\/wp-json\/wp\/v2\/users\/1"}],"replies":[{"embeddable":true,"href":"https:\/\/servercloudhost.net\/en\/wp-json\/wp\/v2\/comments?post=47"}],"version-history":[{"count":14,"href":"https:\/\/servercloudhost.net\/en\/wp-json\/wp\/v2\/pages\/47\/revisions"}],"predecessor-version":[{"id":1026,"href":"https:\/\/servercloudhost.net\/en\/wp-json\/wp\/v2\/pages\/47\/revisions\/1026"}],"wp:attachment":[{"href":"https:\/\/servercloudhost.net\/en\/wp-json\/wp\/v2\/media?parent=47"}],"curies":[{"name":"wp","href":"https:\/\/api.w.org\/{rel}","templated":true}]}}