{"id":289,"date":"2022-10-11T05:14:45","date_gmt":"2022-10-11T05:14:45","guid":{"rendered":"https:\/\/servercloudhost.net\/?page_id=289"},"modified":"2025-09-30T16:39:02","modified_gmt":"2025-09-30T16:39:02","slug":"terms-and-conditions","status":"publish","type":"page","link":"https:\/\/servercloudhost.net\/en\/terms-and-conditions\/","title":{"rendered":"Terms and Conditions"},"content":{"rendered":"<div data-elementor-type=\"wp-page\" data-elementor-id=\"289\" class=\"elementor elementor-289\" data-elementor-post-type=\"page\">\n\t\t\t\t\t\t<section class=\"elementor-section elementor-top-section elementor-element elementor-element-6cf08bd elementor-section-boxed elementor-section-height-default elementor-section-height-default\" data-id=\"6cf08bd\" data-element_type=\"section\" data-settings=\"{&quot;background_background&quot;:&quot;classic&quot;}\">\n\t\t\t\t\t\t<div class=\"elementor-container elementor-column-gap-default\">\n\t\t\t\t\t<div class=\"elementor-column elementor-col-100 elementor-top-column elementor-element elementor-element-d8012bd\" data-id=\"d8012bd\" data-element_type=\"column\">\n\t\t\t<div class=\"elementor-widget-wrap elementor-element-populated\">\n\t\t\t\t\t\t<div class=\"elementor-element elementor-element-3c24b54 elementor-widget elementor-widget-heading\" data-id=\"3c24b54\" data-element_type=\"widget\" data-widget_type=\"heading.default\">\n\t\t\t\t<div class=\"elementor-widget-container\">\n\t\t\t\t\t<h1 class=\"elementor-heading-title elementor-size-default\">Terms and Conditions<\/h1>\t\t\t\t<\/div>\n\t\t\t\t<\/div>\n\t\t\t\t\t<\/div>\n\t\t<\/div>\n\t\t\t\t\t<\/div>\n\t\t<\/section>\n\t\t\t\t<section class=\"elementor-section elementor-top-section elementor-element elementor-element-9c5301f elementor-section-boxed elementor-section-height-default elementor-section-height-default\" data-id=\"9c5301f\" data-element_type=\"section\" data-settings=\"{&quot;background_background&quot;:&quot;classic&quot;}\">\n\t\t\t\t\t\t<div class=\"elementor-container elementor-column-gap-default\">\n\t\t\t\t\t<div class=\"elementor-column elementor-col-100 elementor-top-column elementor-element elementor-element-928a52e\" data-id=\"928a52e\" data-element_type=\"column\">\n\t\t\t<div class=\"elementor-widget-wrap elementor-element-populated\">\n\t\t\t\t\t\t<div class=\"elementor-element elementor-element-f714a0c elementor-widget elementor-widget-text-editor\" data-id=\"f714a0c\" data-element_type=\"widget\" data-widget_type=\"text-editor.default\">\n\t\t\t\t<div class=\"elementor-widget-container\">\n\t\t\t\t\t\t\t\t\t<p>Updated as of September 10, 2025<\/p>\n<h2 style=\"margin: 0in; margin-bottom: .0001pt; text-align: justify; background: white;\"><strong><span lang=\"ES-CR\" style=\"font-size: 15pt; font-family: 'Arial', sans-serif;\">Server Cloud Host Terms of Service Agreement<\/span><\/strong><\/h2>\n<p style=\"margin: 0in; margin-bottom: .0001pt; text-align: justify; line-height: 18.0pt; background: white;\"><span lang=\"ES-CR\" style=\"font-size: 11.5pt; font-family: 'Arial',sans-serif;\">This Universal Terms of Service Agreement (\"Agreement\") sets forth the terms and conditions of use of our systems, software, platforms, APIs, and the use and\/or purchase of our related products and services and for the purchase and\/or use of any products and services purchased through Server Cloud Host from our partners and\/or (collectively \"Services\").<\/span><\/p>\n<p style=\"margin: 0in; margin-bottom: .0001pt; text-align: justify; line-height: 18.0pt; background: white;\"><span lang=\"ES-CR\" style=\"font-size: 11.5pt; font-family: 'Arial',sans-serif;\">En este Acuerdo, \u00abUsted\u00bb y \u00abSu\u00bb se refieren a Usted como el usuario de nuestros Servicios, o cualquier agente, empleado, sirviente o persona autorizada para actuar en Su nombre.&nbsp;\u00abNosotros\u00bb, \u00abNos\u00bb y \u00abNuestro\u00bb se refieren a Server Cloud Host, as\u00ed como a sus subsidiarias y empresas hermanas (\u00abServer Cloud Host\u00bb).&nbsp;Este Acuerdo explica nuestras obligaciones para con usted y sus obligaciones para con nosotros por el uso de nuestros servicios.&nbsp;Estas obligaciones se suman (no sustituyen) a los t\u00e9rminos y condiciones espec\u00edficos que se aplican a los Servicios en particular.<\/span><\/p>\n<p style=\"margin: 0in; margin-bottom: .0001pt; text-align: justify; line-height: 18.0pt; background: white;\"><span lang=\"ES-CR\" style=\"font-size: 11.5pt; font-family: 'Arial',sans-serif;\">When You use Our Site, Your account (or permit another person to use it) to purchase or acquire access to the Services or cancel Your Services (even if We were not notified of such authorization), You signify Your acceptance of the terms and conditions contained in this Agreement, together with the following policies and applicable product agreements, which are incorporated herein by reference.<\/span><\/p>\n<p style=\"margin: 0in; margin-bottom: .0001pt; text-align: justify; background: white;\"><strong><span lang=\"ES-CR\" style=\"font-family: 'Arial', sans-serif;\">1. Duraci\u00f3n del contrato;&nbsp;Modificaci\u00f3n.<\/span><\/strong><\/p>\n<p style=\"margin: 0in; margin-bottom: .0001pt; text-align: justify; line-height: 18.0pt; background: white;\"><span lang=\"ES-CR\" style=\"font-size: 11.5pt; font-family: 'Arial',sans-serif;\">You agree that Server Cloud Host may, in its sole and absolute discretion, modify this Agreement and the Services offered to you from time to time and that such modifications are effective immediately upon posting on this site.<\/span><\/p>\n<p style=\"margin: 0in; margin-bottom: .0001pt; text-align: justify; line-height: 18.0pt; background: white;\"><span lang=\"ES-CR\" style=\"font-size: 11.5pt; font-family: 'Arial',sans-serif;\">Your use of the Site or Services, after any such changes or modifications have been made, constitutes your agreement to be bound by this Agreement as last revised. If you have purchased Services from Server Cloud Host, the terms and conditions of this Agreement will continue in full force and effect, including any changes made to this Agreement, so long as you take advantage of and use the Services.<\/span><\/p>\n<p style=\"margin: 0in; margin-bottom: .0001pt; text-align: justify; background: white;\"><span lang=\"ES-CR\" style=\"font-family: 'Arial',sans-serif; font-weight: normal;\"><strong>2. Eligibility and authority<\/strong>.<\/span><\/p>\n<p style=\"margin: 0in; margin-bottom: .0001pt; text-align: justify; line-height: 18.0pt; background: white;\"><span lang=\"ES-CR\" style=\"font-size: 11.5pt; font-family: 'Arial',sans-serif;\">Nuestro sitio y nuestros Servicios est\u00e1n disponibles solo para los usuarios que pueden formar contratos legalmente vinculantes seg\u00fan la ley aplicable.&nbsp;Al utilizar este sitio y \/ o los Servicios, usted declara y garantiza que tiene al menos dieciocho (18) a\u00f1os de edad y que no es una persona que no pueda comprar o recibir los Servicios que se encuentran bajo las leyes de Panam\u00e1 u otra jurisdicci\u00f3n aplicable.<\/span><\/p>\n<p style=\"margin: 0in; margin-bottom: .0001pt; text-align: justify; line-height: 18.0pt; background: white;\"><span lang=\"ES-CR\" style=\"font-size: 11.5pt; font-family: 'Arial',sans-serif;\">Si est\u00e1 celebrando este Acuerdo en nombre de una entidad corporativa, declara y garantiza que tiene autoridad legal para vincular dicha entidad corporativa a los t\u00e9rminos y condiciones contenidos en este Acuerdo (y los acuerdos y pol\u00edticas adicionales incorporados por referencia), en los cuales caso \u00abUsted\u00bb, \u00abSu\u00bb tambi\u00e9n se referir\u00e1 a dicha entidad corporativa.&nbsp;Si, despu\u00e9s de la aceptaci\u00f3n de este Acuerdo, descubrimos que no tiene la autoridad legal para vincular a dicha entidad corporativa, usted ser\u00e1 personalmente responsable de las obligaciones contenidas en este Acuerdo y cualquier \/ todos los acuerdos relacionados que celebre en base a los Servicios. Usas, incluidas, entre otras, las obligaciones de pago.&nbsp;Server Cloud Host no ser\u00e1 responsable de ninguna p\u00e9rdida o da\u00f1o que resulte de nuestra confianza en cualquier instrucci\u00f3n, aviso,&nbsp;documento o comunicaci\u00f3n que Nosotros creemos razonablemente que es genuino y que proviene de un representante autorizado de Su entidad corporativa.&nbsp;Si existe una duda razonable sobre la autenticidad de dicha instrucci\u00f3n, aviso, documento o comunicaci\u00f3n, nos reservamos el derecho (pero no asumimos ninguna obligaci\u00f3n) de exigirle una autenticaci\u00f3n adicional.&nbsp;Adem\u00e1s, acepta estar sujeto a los t\u00e9rminos de este Acuerdo y cualquier otro acuerdo y \/ o pol\u00edticas requeridas por los Servicios adquiridos, para las transacciones realizadas por Usted, cualquier persona que act\u00fae como Su agente y cualquier persona que use Su cuenta o los Servicios, ya sea o no autorizado por usted.&nbsp;<\/span><\/p>\n<p style=\"margin: 0in; margin-bottom: .0001pt; text-align: justify; line-height: 18.0pt; background: white;\"><span lang=\"ES-CR\" style=\"font-size: 11.5pt; font-family: 'Arial',sans-serif;\">Nos reservamos el derecho (pero no asumimos ninguna obligaci\u00f3n) de exigirle una autenticaci\u00f3n adicional.&nbsp;Adem\u00e1s, acepta estar sujeto a los t\u00e9rminos de este Acuerdo y cualquier otro acuerdo y \/ o pol\u00edticas requeridas por los Servicios adquiridos, para las transacciones realizadas por Usted, cualquier persona que act\u00fae como Su agente y cualquier persona que use Su cuenta o los Servicios, ya sea o no autorizado por usted.&nbsp;Nos reservamos el derecho (pero no asumimos ninguna obligaci\u00f3n) de exigirle una autenticaci\u00f3n adicional.&nbsp;Adem\u00e1s, acepta estar sujeto a los t\u00e9rminos de este Acuerdo y cualquier otro acuerdo y \/ o pol\u00edticas requeridas por los Servicios adquiridos, para las transacciones realizadas por Usted, cualquier persona que act\u00fae como Su agente y cualquier persona que use Su cuenta o los Servicios, ya sea o no autorizado por usted.<\/span><\/p>\n<p style=\"margin: 0in; margin-bottom: .0001pt; text-align: justify; background: white;\"><strong><span lang=\"ES-CR\" style=\"font-family: 'Arial', sans-serif;\">3. Cuentas;&nbsp;Informaci\u00f3n precisa;&nbsp;Transferencia de datos al extranjero.<\/span><\/strong><\/p>\n<p style=\"margin: 0in; margin-bottom: .0001pt; text-align: justify; line-height: 18.0pt; background: white;\"><span lang=\"ES-CR\" style=\"font-size: 11.5pt; font-family: 'Arial',sans-serif;\">Cuentas e informaci\u00f3n precisa.&nbsp;Para acceder a algunas de las funciones de este sitio o utilizar algunos de los Servicios, deber\u00e1 crear una Cuenta.&nbsp;Usted declara y garantiza que toda la informaci\u00f3n que env\u00eda cuando crea su Cuenta es precisa, actual y completa, y que mantendr\u00e1 la informaci\u00f3n de su Cuenta precisa, actual y completa.&nbsp;Adem\u00e1s, acepta mantener informaci\u00f3n precisa proporcion\u00e1ndonos actualizaciones, seg\u00fan sea necesario, mientras utiliza los Servicios.&nbsp;Usted acepta que notificar\u00e1 a Server Cloud Host dentro de los ocho (8) d\u00edas h\u00e1biles de cualquier cambio en la informaci\u00f3n que proporcion\u00f3 como parte del proceso de solicitud y \/ o registro y seg\u00fan lo requiera su cuenta.&nbsp;Fracaso tuyo, por cualquier motivo,<\/span><\/p>\n<p style=\"margin: 0in; margin-bottom: .0001pt; text-align: justify; line-height: 18.0pt; background: white;\"><span lang=\"ES-CR\" style=\"font-size: 11.5pt; font-family: 'Arial',sans-serif;\">If we have reason to believe that your account information is false, inaccurate, not current, misleading or incomplete, we reserve the right, in our sole and absolute discretion, to suspend or terminate your account and any services.<\/span><\/p>\n<p style=\"margin: 0in; margin-bottom: .0001pt; text-align: justify; line-height: 18.0pt; background: white;\"><span lang=\"ES-CR\" style=\"font-size: 11.5pt; font-family: 'Arial',sans-serif;\">You are solely responsible for the activity that occurs on your account, whether or not you authorize it, and you must keep your account information secure, including, without limitation, your username\/customer login, support pin code, password, API key (if applicable) and any\/all content that may include payment details.<\/span><\/p>\n<p style=\"margin: 0in; margin-bottom: .0001pt; text-align: justify; line-height: 18.0pt; background: white;\"><span lang=\"ES-CR\" style=\"font-size: 11.5pt; font-family: 'Arial',sans-serif;\">You must notify Server Cloud Host immediately of any breach of security or unauthorized use of your account.&nbsp;<\/span><\/p>\n<p style=\"margin: 0in; margin-bottom: .0001pt; text-align: justify; line-height: 18.0pt; background: white;\"><span lang=\"ES-CR\" style=\"font-size: 11.5pt; font-family: 'Arial',sans-serif;\">No seremos responsables de ninguna p\u00e9rdida en la que incurra debido a un uso no autorizado de su cuenta.&nbsp;Sin embargo, usted puede ser responsable de cualquier p\u00e9rdida que nosotros u otros incurramos causada por su cuenta, ya sea causada por usted, por una persona autorizada o por una persona no autorizada.<\/span><\/p>\n<p style=\"margin: 0in; margin-bottom: .0001pt; text-align: justify; line-height: 18.0pt; background: white;\"><span lang=\"ES-CR\" style=\"font-size: 11.5pt; font-family: 'Arial',sans-serif;\">Transferencia de datos al extranjero.&nbsp;Si visita este Sitio y \/ o utiliza Nuestros Servicios desde un pa\u00eds que no sea el pa\u00eds en el que se encuentran nuestros servidores, sus comunicaciones con nosotros pueden dar lugar a la transferencia de informaci\u00f3n (incluida la informaci\u00f3n de su cuenta) a trav\u00e9s de fronteras internacionales.&nbsp;Al visitar este Sitio, utilizar Nuestros Servicios y comunicarse electr\u00f3nicamente con Nosotros, usted da su consentimiento para dichas transferencias.<\/span><\/p>\n<p style=\"margin: 0in; margin-bottom: .0001pt; text-align: justify; background: white;\"><strong><span lang=\"ES-CR\" style=\"font-family: 'Arial', sans-serif;\">4. DATA PROTECTION, USE AND PROCESSING<\/span><\/strong><\/p>\n<p style=\"margin: 0in; margin-bottom: .0001pt; text-align: justify; line-height: 18.0pt; background: white;\"><span lang=\"ES-CR\" style=\"font-size: 11.5pt; font-family: 'Arial',sans-serif;\">Para utilizar algunos de los servicios o acceder a determinados contenidos, debe proporcionar previamente ciertos datos personales, que solo ser\u00e1n utilizados para la finalidad que fueron recabados.&nbsp;El tipo de informaci\u00f3n posible que se solicita incluye, pero no se limita a, su nombre, direcci\u00f3n de correo electr\u00f3nico, fecha de nacimiento, sexo, ocupaci\u00f3n, pa\u00eds y ciudad de origen e intereses personales, entre otros, no toda la informaci\u00f3n solicitada en Es obligatorio facilitar el tiempo de participaci\u00f3n en el sitio, salvo aquello que consideremos oportuno y que se le d\u00e9 a conocer.&nbsp;Como principio general, este sitio no comparte ni divulga la informaci\u00f3n obtenida, excepto cuando usted lo autorice, o en los siguientes casos:<\/span><\/p>\n<p style=\"margin: 0in; margin-bottom: .0001pt; text-align: justify; line-height: 18.0pt; background: white;\"><span lang=\"ES-CR\" style=\"font-size: 11.5pt; font-family: 'Arial',sans-serif;\">a) When required by a competent authority and after complying with the corresponding legal process, and<\/span><\/p>\n<p style=\"margin: 0in; margin-bottom: .0001pt; text-align: justify; line-height: 18.0pt; background: white;\"><span lang=\"ES-CR\" style=\"font-size: 11.5pt; font-family: 'Arial',sans-serif;\">b) When, in the opinion of this site, it is necessary to enforce the terms of use and other terms of this page, or to safeguard the integrity of other users or the site.<\/span><\/p>\n<p style=\"margin: 0in; margin-bottom: .0001pt; text-align: justify; line-height: 18.0pt; background: white;\"><span lang=\"ES-CR\" style=\"font-size: 11.5pt; font-family: 'Arial',sans-serif;\">Debe tener en cuenta que si divulga voluntariamente informaci\u00f3n personal en l\u00ednea en un \u00e1rea p\u00fablica, esa informaci\u00f3n puede ser recopilada y utilizada por otros.&nbsp;No controlamos las acciones de nuestros visitantes y usuarios.<\/span><\/p>\n<p style=\"margin: 0in; margin-bottom: .0001pt; text-align: justify; background: white;\"><strong><span lang=\"ES-CR\" style=\"font-family: 'Arial', sans-serif;\">5. Availability of the website and services<\/span><\/strong><\/p>\n<p style=\"margin: 0in; margin-bottom: .0001pt; text-align: justify; line-height: 18.0pt; background: white;\"><span lang=\"ES-CR\" style=\"font-size: 11.5pt; font-family: 'Arial',sans-serif;\">We will use commercially reasonable efforts to attempt to provide this site, the Services available for purchase on Our Site and Our Services twenty-four (24) hours a day, seven (7) days a week.&nbsp;<\/span><\/p>\n<p style=\"margin: 0in; margin-bottom: .0001pt; text-align: justify; line-height: 18.0pt; background: white;\"><span lang=\"ES-CR\" style=\"font-size: 11.5pt; font-family: 'Arial',sans-serif;\">You acknowledge and agree that, from time to time, this Site may be inaccessible or inoperable for any reason, including, without limitation, equipment malfunctions; periodic maintenance, repairs or replacements that we perform from time to time; or causes beyond our reasonable control or that are not reasonably foreseeable, including, without limitation, interruption or failure of digital transmission or telecommunications links, hostile network attacks, network congestion or other failures. You acknowledge and agree that we have no control over the availability of this Site or Services on a continuous or uninterrupted basis.<\/span><\/p>\t\t\t\t\t\t\t\t<\/div>\n\t\t\t\t<\/div>\n\t\t\t\t\t<\/div>\n\t\t<\/div>\n\t\t\t\t\t<\/div>\n\t\t<\/section>\n\t\t\t\t<\/div>","protected":false},"excerpt":{"rendered":"<p>T\u00e9rminos y condiciones Actualizado al 10 de setiembre 2025 Acuerdo de t\u00e9rminos de servicio de Server Cloud Host Este Acuerdo de T\u00e9rminos Universales de Servicio (\u00abAcuerdo\u00bb) establece los t\u00e9rminos y condiciones de uso de nuestros sistemas, software, plataformas, API, y el uso y \/ o compra de nuestros productos y servicios relacionados y para la [&hellip;]<\/p>","protected":false},"author":1,"featured_media":0,"parent":0,"menu_order":0,"comment_status":"closed","ping_status":"closed","template":"","meta":{"_acf_changed":false,"footnotes":""},"class_list":["post-289","page","type-page","status-publish","hentry"],"acf":[],"_links":{"self":[{"href":"https:\/\/servercloudhost.net\/en\/wp-json\/wp\/v2\/pages\/289","targetHints":{"allow":["GET"]}}],"collection":[{"href":"https:\/\/servercloudhost.net\/en\/wp-json\/wp\/v2\/pages"}],"about":[{"href":"https:\/\/servercloudhost.net\/en\/wp-json\/wp\/v2\/types\/page"}],"author":[{"embeddable":true,"href":"https:\/\/servercloudhost.net\/en\/wp-json\/wp\/v2\/users\/1"}],"replies":[{"embeddable":true,"href":"https:\/\/servercloudhost.net\/en\/wp-json\/wp\/v2\/comments?post=289"}],"version-history":[{"count":10,"href":"https:\/\/servercloudhost.net\/en\/wp-json\/wp\/v2\/pages\/289\/revisions"}],"predecessor-version":[{"id":1016,"href":"https:\/\/servercloudhost.net\/en\/wp-json\/wp\/v2\/pages\/289\/revisions\/1016"}],"wp:attachment":[{"href":"https:\/\/servercloudhost.net\/en\/wp-json\/wp\/v2\/media?parent=289"}],"curies":[{"name":"wp","href":"https:\/\/api.w.org\/{rel}","templated":true}]}}